{"id":2907,"date":"2022-01-28T00:05:54","date_gmt":"2022-01-27T23:05:54","guid":{"rendered":"https:\/\/centrodentisticobessarione.it\/?page_id=2907"},"modified":"2022-01-30T21:01:53","modified_gmt":"2022-01-30T20:01:53","slug":"ortodonzia","status":"publish","type":"page","link":"https:\/\/centrodentisticobessarione.it\/index.php\/servizi\/ortodonzia\/","title":{"rendered":"ORTODONZIA"},"content":{"rendered":"<div id=\"pl-2907\"  class=\"panel-layout\" ><div id=\"pg-2907-0\"  class=\"panel-grid panel-has-style\" ><div class=\"divider-no-animation tablet-1-in-row mobile-1-in-row desktop-default custom panel-row-style panel-row-style-for-2907-0\" data-svg-bottom-color=\"color_1\" data-svg-top-color=\"color_1\" ><div id=\"pgc-2907-0-0\"  class=\"panel-grid-cell\" ><div id=\"panel-2907-0-0-0\" class=\"so-panel widget widget_sow-editor panel-first-child panel-last-child\" data-index=\"0\" ><div class=\"orion custom default panel-widget-style panel-widget-style-for-2907-0-0-0\" ><div\n\t\t\t\n\t\t\tclass=\"so-widget-sow-editor so-widget-sow-editor-base\"\n\t\t\t\n\t\t>\n<div class=\"siteorigin-widget-tinymce textwidget\">\n\t<p class=\"lead\"><strong>E la branca della odontoiatria che si occupa della prevenzione e la correzione dei difetti di sviluppo della dentizione, della posizione e dell\u2019allineamento dei denti per ragioni funzionali ed estetiche.<br \/>\n<\/strong>Ogni caso ortodontico \u00e8 unico e pertanto deve essere considerato come tale sin dall\u2019inizio, cio\u00e8 sin dalla prima fase diagnostica, momento cruciale del trattamento ortodontico, tramite la quale si identifica il tipo di malocclusione, si desume l\u2019evoluzione di questa, e si valutano le possibili soluzioni terapeutiche. L\u2019impiego di appropriate tecniche ortodontiche e l\u2019utilizzo di materiali di alta qualit\u00e0 rimane il fulcro per ottenere il successo terapeutico.<\/p>\n<\/div>\n<\/div><\/div><\/div><\/div><div id=\"pgc-2907-0-1\"  class=\"panel-grid-cell\" ><div id=\"panel-2907-0-1-0\" class=\"so-panel widget widget_orion_image_w panel-first-child panel-last-child\" data-index=\"1\" ><div class=\"orion custom mobile-text-center tablets-text-center default panel-widget-style panel-widget-style-for-2907-0-1-0\" ><div\n\t\t\t\n\t\t\tclass=\"so-widget-orion_image_w so-widget-orion_image_w-base\"\n\t\t\t\n\t\t>\r\n<div class=\"image-w relative rounded\">\r\n\r\n\t\t\t\t\t\t\t<div class=\"orion_circle image-wrap rounded overlay-none overlay-hover-none\">\r\n\t\t\r\n\t\t\t\t<div class=\"circle-wrap\">\r\n\t\t\t\t\t<img loading=\"lazy\" decoding=\"async\" width=\"420\" height=\"420\" src=\"https:\/\/centrodentisticobessarione.it\/wp-content\/uploads\/2022\/01\/Ortodonzia2.jpg\" class=\"attachment-orion_square size-orion_square\" alt=\"\" \/>\t\t\t<div class=\"overlay\"><\/div>\r\n\t\t\t\t<\/div>\r\n\t\t\r\n\t\t\t\t\t<\/div>\r\n\t\t\t\r\n\t\r\n\t<div class=\"absolute\">\r\n\t\t<div class=\"hover-desc table-wrap\">\r\n\t\t\t<div class=\"cell-wrap\">\r\n\t\t\t\t<h4 class=\"text-dark\"><\/h4>\r\n\t\t\t<\/div>\r\n\t\t<\/div>\r\n\t<\/div>\t\t\t\t\t\r\n<\/div>\r\n\r\n<\/div><\/div><\/div><\/div><\/div><\/div><div id=\"pg-2907-1\"  class=\"panel-grid panel-has-style\" ><div class=\"divider-no-animation tablet-default mobile-default desktop-default custom panel-row-style panel-row-style-for-2907-1\" ><div id=\"pgc-2907-1-0\"  class=\"panel-grid-cell panel-grid-cell-mobile-last\" ><div id=\"panel-2907-1-0-0\" class=\"so-panel widget widget_sow-editor panel-first-child\" data-index=\"2\" ><div class=\"orion custom default panel-widget-style panel-widget-style-for-2907-1-0-0\" ><div\n\t\t\t\n\t\t\tclass=\"so-widget-sow-editor so-widget-sow-editor-base\"\n\t\t\t\n\t\t>\n<div class=\"siteorigin-widget-tinymce textwidget\">\n\t<p class=\"lead\">Comfort, velocit\u00e0 nella risoluzione delle problematiche diagnosticate e rispetto delle necessit\u00e0 estetiche, sono i presupposti che stanno alla base di un trattamento ortodontico.<br \/>\nA seconda dell\u2019et\u00e0 del paziente, delle finalit\u00e0 terapeutiche e delle esigenze individuali, si impiega la tecnica ortodontica pi\u00f9 idonea per ottenere la risoluzione del caso:<\/p>\n<\/div>\n<\/div><\/div><\/div><div id=\"panel-2907-1-0-1\" class=\"so-panel widget widget_orion_empty_space_w\" data-index=\"3\" ><div class=\"orion custom default panel-widget-style panel-widget-style-for-2907-1-0-1\" ><div\n\t\t\t\n\t\t\tclass=\"so-widget-orion_empty_space_w so-widget-orion_empty_space_w-base\"\n\t\t\t\n\t\t>\t<div class=\"row empty-space visible-lg visible-md visible-sm visible-xs\" style=\"height:29px;\">\r\n\t<\/div><\/div><\/div><\/div><div id=\"panel-2907-1-0-2\" class=\"so-panel widget widget_orion_list_w\" data-index=\"4\" ><div class=\"orion custom default panel-widget-style panel-widget-style-for-2907-1-0-2\" ><div\n\t\t\t\n\t\t\tclass=\"so-widget-orion_list_w so-widget-orion_list_w-base\"\n\t\t\t\n\t\t><div class=\"row button-wrap\">\r\n\t\r\n\t<div class=\"list-wrap col-md-12\">\r\n\t\t<ul class=\"no-liststyle size-large\" style=\"background:transparent\">\r\n\t\t\t\t\r\n\t\t<li class=\"text-default\" >\r\n\t\t\t\t\t\t\t<span class=\"icon\">\r\n\t\t\t\t\t<span class=\"sow-icon-ionicons\" data-sow-icon=\"&#xf373;\"\n\t\tstyle=\"color: #5bbdaf\" \n\t\taria-hidden=\"true\"><\/span>\t\t\t\t<\/span>\r\n\t\t\t\t\t\t\t<div class=\"wrapper\">\r\n\t\t\t\t\tOrtodonzia intercettiva e funzionale\t\t\t\t<\/div>\r\n\t\t<\/li>\t\r\n\r\n\t\t\t\t\r\n\t\t<li class=\"text-default\" >\r\n\t\t\t\t\t\t\t<span class=\"icon\">\r\n\t\t\t\t\t<span class=\"sow-icon-ionicons\" data-sow-icon=\"&#xf373;\"\n\t\tstyle=\"color: #5bbdaf\" \n\t\taria-hidden=\"true\"><\/span>\t\t\t\t<\/span>\r\n\t\t\t\t\t\t\t<div class=\"wrapper\">\r\n\t\t\t\t\tOrtodonzia preprotesica\t\t\t\t<\/div>\r\n\t\t<\/li>\t\r\n\r\n\t\t\t\t\r\n\t\t<li class=\"text-default\" >\r\n\t\t\t\t\t\t\t<span class=\"icon\">\r\n\t\t\t\t\t<span class=\"sow-icon-ionicons\" data-sow-icon=\"&#xf373;\"\n\t\tstyle=\"color: #5bbdaf\" \n\t\taria-hidden=\"true\"><\/span>\t\t\t\t<\/span>\r\n\t\t\t\t\t\t\t<div class=\"wrapper\">\r\n\t\t\t\t\tOrtodonzia fissa con metodo Damon System\t\t\t\t<\/div>\r\n\t\t<\/li>\t\r\n\r\n\t\t\t<\/ul>\r\n\t<\/div>\r\n<\/div><\/div><\/div><\/div><div id=\"panel-2907-1-0-3\" class=\"so-panel widget widget_orion_empty_space_w\" data-index=\"5\" ><div class=\"orion custom default panel-widget-style panel-widget-style-for-2907-1-0-3\" ><div\n\t\t\t\n\t\t\tclass=\"so-widget-orion_empty_space_w so-widget-orion_empty_space_w-base\"\n\t\t\t\n\t\t>\t<div class=\"row empty-space visible-lg visible-md visible-sm visible-xs\" style=\"height:29px;\">\r\n\t<\/div><\/div><\/div><\/div><div id=\"panel-2907-1-0-4\" class=\"so-panel widget widget_sow-editor panel-last-child\" data-index=\"6\" ><div class=\"orion custom default panel-widget-style panel-widget-style-for-2907-1-0-4\" ><div\n\t\t\t\n\t\t\tclass=\"so-widget-sow-editor so-widget-sow-editor-base\"\n\t\t\t\n\t\t>\n<div class=\"siteorigin-widget-tinymce textwidget\">\n\t<p>Un tempo, l\u2019ortodonzia, aveva prevalentemente lo scopo di risolvere le anomalie dell\u2019occlusione, dovute alle irregolarit\u00e0 della posizione dei denti e della forma delle arcate dentarie.<br \/>\nOggi, lo spettacolare sviluppo scientifico e tecnico, ha portato l\u2019ortodonzia a ricoprire un ruolo di grande importanza per la salute, non solo orale, ma anche della persona.<\/p>\n<p>La moderna ortodonzia consente di ottenere benefici che vanno oltre al corretto allineamento dei denti, volgendosi anche a:<\/p>\n<ul>\n<li>Migliorare l\u2019equilibrio estetico delle labbra, per ottenere un profilo armonico e gradevole<\/li>\n<li>Assicurare una maggiore efficacia della funzione masticatoria e fonatoria<\/li>\n<li>Prevenire gravi affollamenti<\/li>\n<li>Diagnosticare anomalie dentarie di forma, numero e posizione<\/li>\n<li>Favorire la conservazione della salute dei denti e dei tessuti di sostegno, facilitando le manovre di igiene orale, riducendo l\u2019incidenza delle carie dentali<\/li>\n<li>Realizzare la stabilit\u00e0 nel tempo dei risultati<\/li>\n<\/ul>\n<p>Affinch\u00e9 si possano avere dei buoni rapporti occlusali \u00e8 necessario che le basi ossee mascellari e mandibolari, sulle quali poggiano i processi alveolari ed i denti, siano in armonia fra loro; nel caso in cui questo non accada, si hanno delle malocclusioni, o delle disarmonie scheletriche che, se non corrette in crescita, cio\u00e8 dai 4 ai 12 anni, difficilmente possono essere risolte pi\u00f9 tardi.<br \/>\nLa dentatura \u00e8 in continua evoluzione e, per questo motivo, la valutazione ortodontica deve essere ripetuta ad intervalli periodici.<\/p>\n<p>I segnali d\u2019allarme per i quali \u00e8 necessario portare il bambino ad un controllo ortodontico sono:<\/p>\n<ul>\n<li>Precoce o tardiva perdita dei denti<\/li>\n<li>Denti eccessivamente sporgenti<\/li>\n<li>Affollamento dentale<\/li>\n<li>Succhiamento del dito od altre abitudini viziate<\/li>\n<li>Disarmonia facciale: ossa mascellari e mandibolari eccessivamente protruse o retruse<\/li>\n<li>Presenza di asimmetrie<\/li>\n<li>Mascellari che deviano in chiusura<\/li>\n<li>Difficolt\u00e0 nel masticare o nel chiudere la bocca<\/li>\n<li>Problemi respiratori<\/li>\n<li>Difficolt\u00e0 nel parlare: presenza di anomalie fonetiche<\/li>\n<li>Trauma masticatorio a guance o denti<\/li>\n<li>Rumori dell\u2019articolazione temporomandibolare<\/li>\n<\/ul>\n<\/div>\n<\/div><\/div><\/div><\/div><div id=\"pgc-2907-1-1\"  class=\"panel-grid-cell panel-grid-cell-empty\" ><\/div><\/div><\/div><\/div>","protected":false},"excerpt":{"rendered":"<p>Dental implants are a common procedure of permanently replacing missing teeth without affecting neighboring teeth. <\/p>\n","protected":false},"author":1,"featured_media":0,"parent":968,"menu_order":0,"comment_status":"closed","ping_status":"closed","template":"","meta":{"om_disable_all_campaigns":false,"_monsterinsights_skip_tracking":false,"_monsterinsights_sitenote_active":false,"_monsterinsights_sitenote_note":"","_monsterinsights_sitenote_category":0,"footnotes":""},"class_list":["post-2907","page","type-page","status-publish","hentry"],"aioseo_notices":[],"_links":{"self":[{"href":"https:\/\/centrodentisticobessarione.it\/index.php\/wp-json\/wp\/v2\/pages\/2907","targetHints":{"allow":["GET"]}}],"collection":[{"href":"https:\/\/centrodentisticobessarione.it\/index.php\/wp-json\/wp\/v2\/pages"}],"about":[{"href":"https:\/\/centrodentisticobessarione.it\/index.php\/wp-json\/wp\/v2\/types\/page"}],"author":[{"embeddable":true,"href":"https:\/\/centrodentisticobessarione.it\/index.php\/wp-json\/wp\/v2\/users\/1"}],"replies":[{"embeddable":true,"href":"https:\/\/centrodentisticobessarione.it\/index.php\/wp-json\/wp\/v2\/comments?post=2907"}],"version-history":[{"count":45,"href":"https:\/\/centrodentisticobessarione.it\/index.php\/wp-json\/wp\/v2\/pages\/2907\/revisions"}],"predecessor-version":[{"id":3080,"href":"https:\/\/centrodentisticobessarione.it\/index.php\/wp-json\/wp\/v2\/pages\/2907\/revisions\/3080"}],"up":[{"embeddable":true,"href":"https:\/\/centrodentisticobessarione.it\/index.php\/wp-json\/wp\/v2\/pages\/968"}],"wp:attachment":[{"href":"https:\/\/centrodentisticobessarione.it\/index.php\/wp-json\/wp\/v2\/media?parent=2907"}],"curies":[{"name":"wp","href":"https:\/\/api.w.org\/{rel}","templated":true}]}}