{"id":2971,"date":"2022-01-30T02:12:23","date_gmt":"2022-01-30T01:12:23","guid":{"rendered":"https:\/\/centrodentisticobessarione.it\/?page_id=2971"},"modified":"2022-01-30T21:02:38","modified_gmt":"2022-01-30T20:02:38","slug":"prevenzione-e-pedodonzia","status":"publish","type":"page","link":"https:\/\/centrodentisticobessarione.it\/index.php\/servizi\/prevenzione-e-pedodonzia\/","title":{"rendered":"PREVENZIONE E PEDODONZIA"},"content":{"rendered":"<div id=\"pl-2971\"  class=\"panel-layout\" ><div id=\"pg-2971-0\"  class=\"panel-grid panel-has-style\" ><div class=\"divider-no-animation tablet-1-in-row mobile-1-in-row desktop-default custom panel-row-style panel-row-style-for-2971-0\" data-svg-bottom-color=\"color_1\" data-svg-top-color=\"color_1\" ><div id=\"pgc-2971-0-0\"  class=\"panel-grid-cell\" ><div id=\"panel-2971-0-0-0\" class=\"so-panel widget widget_sow-editor panel-first-child panel-last-child\" data-index=\"0\" ><div class=\"orion custom default panel-widget-style panel-widget-style-for-2971-0-0-0\" ><div\n\t\t\t\n\t\t\tclass=\"so-widget-sow-editor so-widget-sow-editor-base\"\n\t\t\t\n\t\t>\n<div class=\"siteorigin-widget-tinymce textwidget\">\n\t<p class=\"lead\"><strong>La pedodonzia si occupa di quelle problematiche odontoiatriche che insorgono in pazienti in et\u00e0 pediatrica. L'attenzione \u00e8 rivolta alla prevenzione delle lesioni cariose ed alla ricerca della collaborazione dei piccoli pazienti.<br \/>\n<\/strong>Tra le pi\u00f9 frequenti patologie, a carico dei denti decidui, si ritrova una particolare forma di malattia cariosa che pu\u00f2 avere un'evoluzione molto rapida in pulpite e che pu\u00f2 presentarsi senza dolore.<br \/>\nLa prevenzione si attua informando i pazienti sui requisiti di una dieta corretta, eseguendo applicazioni di fluoro o provvedendo ad effettuare la sigillatura dei solchi e spiegando le manovre essenziali da svolgere per ottenere una corretta igiene orale.<\/p>\n<\/div>\n<\/div><\/div><\/div><\/div><div id=\"pgc-2971-0-1\"  class=\"panel-grid-cell\" ><div id=\"panel-2971-0-1-0\" class=\"so-panel widget widget_orion_image_w panel-first-child panel-last-child\" data-index=\"1\" ><div class=\"orion custom mobile-text-center tablets-text-center default panel-widget-style panel-widget-style-for-2971-0-1-0\" ><div\n\t\t\t\n\t\t\tclass=\"so-widget-orion_image_w so-widget-orion_image_w-base\"\n\t\t\t\n\t\t>\r\n<div class=\"image-w relative rounded\">\r\n\r\n\t\t\t\t\t\t\t<div class=\"orion_circle image-wrap rounded overlay-none overlay-hover-none\">\r\n\t\t\r\n\t\t\t\t<div class=\"circle-wrap\">\r\n\t\t\t\t\t<img loading=\"lazy\" decoding=\"async\" width=\"420\" height=\"420\" src=\"https:\/\/centrodentisticobessarione.it\/wp-content\/uploads\/2022\/01\/Prevenzione-e-pedodonzia.jpg\" class=\"attachment-orion_square size-orion_square\" alt=\"\" \/>\t\t\t<div class=\"overlay\"><\/div>\r\n\t\t\t\t<\/div>\r\n\t\t\r\n\t\t\t\t\t<\/div>\r\n\t\t\t\r\n\t\r\n\t<div class=\"absolute\">\r\n\t\t<div class=\"hover-desc table-wrap\">\r\n\t\t\t<div class=\"cell-wrap\">\r\n\t\t\t\t<h4 class=\"text-dark\"><\/h4>\r\n\t\t\t<\/div>\r\n\t\t<\/div>\r\n\t<\/div>\t\t\t\t\t\r\n<\/div>\r\n\r\n<\/div><\/div><\/div><\/div><\/div><\/div><div id=\"pg-2971-1\"  class=\"panel-grid panel-has-style\" ><div class=\"divider-no-animation tablet-default mobile-default desktop-default custom panel-row-style panel-row-style-for-2971-1\" ><div id=\"pgc-2971-1-0\"  class=\"panel-grid-cell panel-grid-cell-mobile-last\" ><div id=\"panel-2971-1-0-0\" class=\"so-panel widget widget_sow-editor panel-first-child\" data-index=\"2\" ><div class=\"orion custom default panel-widget-style panel-widget-style-for-2971-1-0-0\" ><div\n\t\t\t\n\t\t\tclass=\"so-widget-sow-editor so-widget-sow-editor-base\"\n\t\t\t\n\t\t>\n<div class=\"siteorigin-widget-tinymce textwidget\">\n\t<p class=\"lead\">I denti da latte svolgono funzioni importanti per la salute orale futura:<\/p>\n<\/div>\n<\/div><\/div><\/div><div id=\"panel-2971-1-0-1\" class=\"so-panel widget widget_orion_empty_space_w\" data-index=\"3\" ><div class=\"orion custom default panel-widget-style panel-widget-style-for-2971-1-0-1\" ><div\n\t\t\t\n\t\t\tclass=\"so-widget-orion_empty_space_w so-widget-orion_empty_space_w-base\"\n\t\t\t\n\t\t>\t<div class=\"row empty-space visible-lg visible-md visible-sm visible-xs\" style=\"height:29px;\">\r\n\t<\/div><\/div><\/div><\/div><div id=\"panel-2971-1-0-2\" class=\"so-panel widget widget_orion_list_w\" data-index=\"4\" ><div class=\"orion custom default panel-widget-style panel-widget-style-for-2971-1-0-2\" ><div\n\t\t\t\n\t\t\tclass=\"so-widget-orion_list_w so-widget-orion_list_w-base\"\n\t\t\t\n\t\t><div class=\"row button-wrap\">\r\n\t\r\n\t<div class=\"list-wrap col-md-12\">\r\n\t\t<ul class=\"no-liststyle size-large\" style=\"background:transparent\">\r\n\t\t\t\t\r\n\t\t<li class=\"text-default\" >\r\n\t\t\t\t\t\t\t<span class=\"icon\">\r\n\t\t\t\t\t<span class=\"sow-icon-ionicons\" data-sow-icon=\"&#xf373;\"\n\t\tstyle=\"color: #5bbdaf\" \n\t\taria-hidden=\"true\"><\/span>\t\t\t\t<\/span>\r\n\t\t\t\t\t\t\t<div class=\"wrapper\">\r\n\t\t\t\t\tMantengono lo spazio per i denti permanenti\t\t\t\t<\/div>\r\n\t\t<\/li>\t\r\n\r\n\t\t\t\t\r\n\t\t<li class=\"text-default\" >\r\n\t\t\t\t\t\t\t<span class=\"icon\">\r\n\t\t\t\t\t<span class=\"sow-icon-ionicons\" data-sow-icon=\"&#xf373;\"\n\t\tstyle=\"color: #5bbdaf\" \n\t\taria-hidden=\"true\"><\/span>\t\t\t\t<\/span>\r\n\t\t\t\t\t\t\t<div class=\"wrapper\">\r\n\t\t\t\t\tConsentono una corretta funzione masticatoria e fonetica\t\t\t\t<\/div>\r\n\t\t<\/li>\t\r\n\r\n\t\t\t\t\r\n\t\t<li class=\"text-default\" >\r\n\t\t\t\t\t\t\t<span class=\"icon\">\r\n\t\t\t\t\t<span class=\"sow-icon-ionicons\" data-sow-icon=\"&#xf373;\"\n\t\tstyle=\"color: #5bbdaf\" \n\t\taria-hidden=\"true\"><\/span>\t\t\t\t<\/span>\r\n\t\t\t\t\t\t\t<div class=\"wrapper\">\r\n\t\t\t\t\tGuidano la crescita scheletrica\t\t\t\t<\/div>\r\n\t\t<\/li>\t\r\n\r\n\t\t\t<\/ul>\r\n\t<\/div>\r\n<\/div><\/div><\/div><\/div><div id=\"panel-2971-1-0-3\" class=\"so-panel widget widget_orion_empty_space_w\" data-index=\"5\" ><div class=\"orion custom default panel-widget-style panel-widget-style-for-2971-1-0-3\" ><div\n\t\t\t\n\t\t\tclass=\"so-widget-orion_empty_space_w so-widget-orion_empty_space_w-base\"\n\t\t\t\n\t\t>\t<div class=\"row empty-space visible-lg visible-sm visible-xs\" style=\"height:29px;\">\r\n\t<\/div><\/div><\/div><\/div><div id=\"panel-2971-1-0-4\" class=\"so-panel widget widget_sow-editor panel-last-child\" data-index=\"6\" ><div class=\"orion custom default panel-widget-style panel-widget-style-for-2971-1-0-4\" ><div\n\t\t\t\n\t\t\tclass=\"so-widget-sow-editor so-widget-sow-editor-base\"\n\t\t\t\n\t\t>\n<div class=\"siteorigin-widget-tinymce textwidget\">\n\t<p>Inoltre, le infiammazioni dei denti da latte possono causare macchie e anomalie dello smalto nei denti permanenti. La pedodonzia, inoltre, si occupa della eliminazione e correzione di abitudini viziate per ristabilire una corretta masticazione. L\u2019aspetto pi\u00f9 importante in campo pedodontico \u00e8 l\u2019approccio psicologico con il piccolo paziente che spesso si presenta\u00a0alla visita impaurito soprattutto quando lamenta dolore a uno o pi\u00f9 \u201cdentini\u201d.<\/p>\n<p>La prevenzione inizia in tenera et\u00e0 ed \u00e8 da l\u00ec che \u00e8 opportuno instaurare un rapporto di reciproca fiducia per preservare il pi\u00f9 lungo possibile la salute della propria bocca.<\/p>\n<\/div>\n<\/div><\/div><\/div><\/div><div id=\"pgc-2971-1-1\"  class=\"panel-grid-cell panel-grid-cell-empty\" ><\/div><\/div><\/div><\/div>","protected":false},"excerpt":{"rendered":"<p>Dental implants are a common procedure of permanently replacing missing teeth without affecting neighboring teeth. <\/p>\n","protected":false},"author":1,"featured_media":0,"parent":968,"menu_order":0,"comment_status":"closed","ping_status":"closed","template":"","meta":{"om_disable_all_campaigns":false,"_monsterinsights_skip_tracking":false,"_monsterinsights_sitenote_active":false,"_monsterinsights_sitenote_note":"","_monsterinsights_sitenote_category":0,"footnotes":""},"class_list":["post-2971","page","type-page","status-publish","hentry"],"aioseo_notices":[],"_links":{"self":[{"href":"https:\/\/centrodentisticobessarione.it\/index.php\/wp-json\/wp\/v2\/pages\/2971","targetHints":{"allow":["GET"]}}],"collection":[{"href":"https:\/\/centrodentisticobessarione.it\/index.php\/wp-json\/wp\/v2\/pages"}],"about":[{"href":"https:\/\/centrodentisticobessarione.it\/index.php\/wp-json\/wp\/v2\/types\/page"}],"author":[{"embeddable":true,"href":"https:\/\/centrodentisticobessarione.it\/index.php\/wp-json\/wp\/v2\/users\/1"}],"replies":[{"embeddable":true,"href":"https:\/\/centrodentisticobessarione.it\/index.php\/wp-json\/wp\/v2\/comments?post=2971"}],"version-history":[{"count":13,"href":"https:\/\/centrodentisticobessarione.it\/index.php\/wp-json\/wp\/v2\/pages\/2971\/revisions"}],"predecessor-version":[{"id":3082,"href":"https:\/\/centrodentisticobessarione.it\/index.php\/wp-json\/wp\/v2\/pages\/2971\/revisions\/3082"}],"up":[{"embeddable":true,"href":"https:\/\/centrodentisticobessarione.it\/index.php\/wp-json\/wp\/v2\/pages\/968"}],"wp:attachment":[{"href":"https:\/\/centrodentisticobessarione.it\/index.php\/wp-json\/wp\/v2\/media?parent=2971"}],"curies":[{"name":"wp","href":"https:\/\/api.w.org\/{rel}","templated":true}]}}