{"id":3009,"date":"2022-01-30T18:04:20","date_gmt":"2022-01-30T17:04:20","guid":{"rendered":"https:\/\/centrodentisticobessarione.it\/?page_id=3009"},"modified":"2022-01-30T21:03:40","modified_gmt":"2022-01-30T20:03:40","slug":"protesi-dentarie","status":"publish","type":"page","link":"https:\/\/centrodentisticobessarione.it\/index.php\/servizi\/protesi-dentarie\/","title":{"rendered":"PROTESI DENTARIE"},"content":{"rendered":"<div id=\"pl-3009\"  class=\"panel-layout\" ><div id=\"pg-3009-0\"  class=\"panel-grid panel-has-style\" ><div class=\"divider-no-animation tablet-1-in-row mobile-1-in-row desktop-default custom panel-row-style panel-row-style-for-3009-0\" data-svg-bottom-color=\"color_1\" data-svg-top-color=\"color_1\" ><div id=\"pgc-3009-0-0\"  class=\"panel-grid-cell\" ><div class=\"custom panel-cell-style panel-cell-style-for-3009-0-0\" ><div id=\"panel-3009-0-0-0\" class=\"so-panel widget widget_sow-editor panel-first-child\" data-index=\"0\" ><div class=\"orion custom default panel-widget-style panel-widget-style-for-3009-0-0-0\" ><div\n\t\t\t\n\t\t\tclass=\"so-widget-sow-editor so-widget-sow-editor-base\"\n\t\t\t\n\t\t>\n<div class=\"siteorigin-widget-tinymce textwidget\">\n\t<p class=\"lead\"><strong>Si occupa di sostituire gli elementi dentali mancanti con manufatti protesici, costruiti dall'odontotecnico, il quale provvede a realizzarli su precisa indicazione dell'odontoiatra. <\/p>\n<p class=\"lead\">Le protesi si definiscono:<\/p>\n<p><\/strong><\/p>\n<\/div>\n<\/div><\/div><\/div><div id=\"panel-3009-0-0-1\" class=\"so-panel widget widget_orion_empty_space_w\" data-index=\"1\" ><div class=\"orion custom default panel-widget-style panel-widget-style-for-3009-0-0-1\" ><div\n\t\t\t\n\t\t\tclass=\"so-widget-orion_empty_space_w so-widget-orion_empty_space_w-base\"\n\t\t\t\n\t\t>\t<div class=\"row empty-space visible-lg visible-md visible-sm visible-xs\" style=\"height:29px;\">\r\n\t<\/div><\/div><\/div><\/div><div id=\"panel-3009-0-0-2\" class=\"so-panel widget widget_orion_list_w\" data-index=\"2\" ><div class=\"orion custom default panel-widget-style panel-widget-style-for-3009-0-0-2\" ><div\n\t\t\t\n\t\t\tclass=\"so-widget-orion_list_w so-widget-orion_list_w-base\"\n\t\t\t\n\t\t><div class=\"row button-wrap\">\r\n\t\r\n\t<div class=\"list-wrap col-md-12\">\r\n\t\t<ul class=\"no-liststyle size-large\" style=\"background:transparent\">\r\n\t\t\t\t\r\n\t\t<li class=\"text-default\" >\r\n\t\t\t\t\t\t\t<span class=\"icon\">\r\n\t\t\t\t\t<span class=\"sow-icon-ionicons\" data-sow-icon=\"&#xf373;\"\n\t\tstyle=\"color: #5bbdaf\" \n\t\taria-hidden=\"true\"><\/span>\t\t\t\t<\/span>\r\n\t\t\t\t\t\t\t<div class=\"wrapper\">\r\n\t\t\t\t\tProtesi dentarie fisse\t\t\t\t<\/div>\r\n\t\t<\/li>\t\r\n\r\n\t\t\t<\/ul>\r\n\t<\/div>\r\n<\/div><\/div><\/div><\/div><div id=\"panel-3009-0-0-3\" class=\"so-panel widget widget_sow-editor\" data-index=\"3\" ><div class=\"orion custom default panel-widget-style panel-widget-style-for-3009-0-0-3\" ><div\n\t\t\t\n\t\t\tclass=\"so-widget-sow-editor so-widget-sow-editor-base\"\n\t\t\t\n\t\t>\n<div class=\"siteorigin-widget-tinymce textwidget\">\n\t<p class=\"lead\">quando su elementi dentari naturali e\/o artificiali i manufatti protesici sono cementati o avvitati in maniera permanente.<\/p>\n<\/div>\n<\/div><\/div><\/div><div id=\"panel-3009-0-0-4\" class=\"so-panel widget widget_orion_empty_space_w\" data-index=\"4\" ><div class=\"orion custom default panel-widget-style panel-widget-style-for-3009-0-0-4\" ><div\n\t\t\t\n\t\t\tclass=\"so-widget-orion_empty_space_w so-widget-orion_empty_space_w-base\"\n\t\t\t\n\t\t>\t<div class=\"row empty-space visible-lg visible-md visible-sm visible-xs\" style=\"height:29px;\">\r\n\t<\/div><\/div><\/div><\/div><div id=\"panel-3009-0-0-5\" class=\"so-panel widget widget_orion_list_w\" data-index=\"5\" ><div class=\"orion custom default panel-widget-style panel-widget-style-for-3009-0-0-5\" ><div\n\t\t\t\n\t\t\tclass=\"so-widget-orion_list_w so-widget-orion_list_w-base\"\n\t\t\t\n\t\t><div class=\"row button-wrap\">\r\n\t\r\n\t<div class=\"list-wrap col-md-12\">\r\n\t\t<ul class=\"no-liststyle size-large\" style=\"background:transparent\">\r\n\t\t\t\t\r\n\t\t<li class=\"text-default\" >\r\n\t\t\t\t\t\t\t<span class=\"icon\">\r\n\t\t\t\t\t<span class=\"sow-icon-ionicons\" data-sow-icon=\"&#xf373;\"\n\t\tstyle=\"color: #5bbdaf\" \n\t\taria-hidden=\"true\"><\/span>\t\t\t\t<\/span>\r\n\t\t\t\t\t\t\t<div class=\"wrapper\">\r\n\t\t\t\t\tProtesi dentarie rimovibili\t\t\t\t<\/div>\r\n\t\t<\/li>\t\r\n\r\n\t\t\t<\/ul>\r\n\t<\/div>\r\n<\/div><\/div><\/div><\/div><div id=\"panel-3009-0-0-6\" class=\"so-panel widget widget_sow-editor panel-last-child\" data-index=\"6\" ><div class=\"orion custom default panel-widget-style panel-widget-style-for-3009-0-0-6\" ><div\n\t\t\t\n\t\t\tclass=\"so-widget-sow-editor so-widget-sow-editor-base\"\n\t\t\t\n\t\t>\n<div class=\"siteorigin-widget-tinymce textwidget\">\n\t<p class=\"lead\">quando il manufatto protesico \u00e8 progettato per essere rimosso dalla cavit\u00e0 orale. In tal caso il manufatto protesico parziale, scheletrato, che sostituisce alcuni elementi dentari, \u00e8 mantenuto stabile da ganci o bottoni. Se il dispositivo sostituisce tutti gli elementi dentari dell'intera arcata, ha un appoggio unicamente mucoso. Tali manufatti vengono rimossi durante la notte e accuratamente detersi ogni giorno, per mezzo di sapone disinfettante e spazzolini, dopo tutti i pasti.<\/p>\n<\/div>\n<\/div><\/div><\/div><\/div><\/div><div id=\"pgc-3009-0-1\"  class=\"panel-grid-cell\" ><div class=\"custom panel-cell-style panel-cell-style-for-3009-0-1\" ><div id=\"panel-3009-0-1-0\" class=\"so-panel widget widget_orion_image_w panel-first-child panel-last-child\" data-index=\"7\" ><div class=\"orion custom mobile-text-center tablets-text-center default panel-widget-style panel-widget-style-for-3009-0-1-0\" ><div\n\t\t\t\n\t\t\tclass=\"so-widget-orion_image_w so-widget-orion_image_w-base\"\n\t\t\t\n\t\t>\r\n<div class=\"image-w relative rounded\">\r\n\r\n\t\t\t\t\t\t\t<div class=\"orion_circle image-wrap rounded overlay-none overlay-hover-none\">\r\n\t\t\r\n\t\t\t\t<div class=\"circle-wrap\">\r\n\t\t\t\t\t<img loading=\"lazy\" decoding=\"async\" width=\"420\" height=\"420\" src=\"https:\/\/centrodentisticobessarione.it\/wp-content\/uploads\/2022\/01\/Protesi-Dentarie.jpg\" class=\"attachment-orion_square size-orion_square\" alt=\"\" \/>\t\t\t<div class=\"overlay\"><\/div>\r\n\t\t\t\t<\/div>\r\n\t\t\r\n\t\t\t\t\t<\/div>\r\n\t\t\t\r\n\t\r\n\t<div class=\"absolute\">\r\n\t\t<div class=\"hover-desc table-wrap\">\r\n\t\t\t<div class=\"cell-wrap\">\r\n\t\t\t\t<h4 class=\"text-dark\"><\/h4>\r\n\t\t\t<\/div>\r\n\t\t<\/div>\r\n\t<\/div>\t\t\t\t\t\r\n<\/div>\r\n\r\n<\/div><\/div><\/div><\/div><\/div><\/div><\/div><\/div>","protected":false},"excerpt":{"rendered":"<p>Dental implants are a common procedure of permanently replacing missing teeth without affecting neighboring teeth. <\/p>\n","protected":false},"author":1,"featured_media":0,"parent":968,"menu_order":0,"comment_status":"closed","ping_status":"closed","template":"","meta":{"om_disable_all_campaigns":false,"_monsterinsights_skip_tracking":false,"_monsterinsights_sitenote_active":false,"_monsterinsights_sitenote_note":"","_monsterinsights_sitenote_category":0,"footnotes":""},"class_list":["post-3009","page","type-page","status-publish","hentry"],"aioseo_notices":[],"_links":{"self":[{"href":"https:\/\/centrodentisticobessarione.it\/index.php\/wp-json\/wp\/v2\/pages\/3009","targetHints":{"allow":["GET"]}}],"collection":[{"href":"https:\/\/centrodentisticobessarione.it\/index.php\/wp-json\/wp\/v2\/pages"}],"about":[{"href":"https:\/\/centrodentisticobessarione.it\/index.php\/wp-json\/wp\/v2\/types\/page"}],"author":[{"embeddable":true,"href":"https:\/\/centrodentisticobessarione.it\/index.php\/wp-json\/wp\/v2\/users\/1"}],"replies":[{"embeddable":true,"href":"https:\/\/centrodentisticobessarione.it\/index.php\/wp-json\/wp\/v2\/comments?post=3009"}],"version-history":[{"count":8,"href":"https:\/\/centrodentisticobessarione.it\/index.php\/wp-json\/wp\/v2\/pages\/3009\/revisions"}],"predecessor-version":[{"id":3086,"href":"https:\/\/centrodentisticobessarione.it\/index.php\/wp-json\/wp\/v2\/pages\/3009\/revisions\/3086"}],"up":[{"embeddable":true,"href":"https:\/\/centrodentisticobessarione.it\/index.php\/wp-json\/wp\/v2\/pages\/968"}],"wp:attachment":[{"href":"https:\/\/centrodentisticobessarione.it\/index.php\/wp-json\/wp\/v2\/media?parent=3009"}],"curies":[{"name":"wp","href":"https:\/\/api.w.org\/{rel}","templated":true}]}}