{"id":3065,"date":"2022-01-30T20:53:47","date_gmt":"2022-01-30T19:53:47","guid":{"rendered":"https:\/\/centrodentisticobessarione.it\/?page_id=3065"},"modified":"2022-01-30T20:54:37","modified_gmt":"2022-01-30T19:54:37","slug":"igiene-e-prevenzione","status":"publish","type":"page","link":"https:\/\/centrodentisticobessarione.it\/index.php\/servizi\/igiene-e-prevenzione\/","title":{"rendered":"IGIENE E PREVENZIONE"},"content":{"rendered":"<div id=\"pl-3065\"  class=\"panel-layout\" ><div id=\"pg-3065-0\"  class=\"panel-grid panel-has-style\" ><div class=\"divider-no-animation tablet-1-in-row mobile-1-in-row desktop-default custom panel-row-style panel-row-style-for-3065-0\" data-svg-bottom-color=\"color_1\" data-svg-top-color=\"color_1\" ><div id=\"pgc-3065-0-0\"  class=\"panel-grid-cell\" ><div class=\"custom panel-cell-style panel-cell-style-for-3065-0-0\" ><div id=\"panel-3065-0-0-0\" class=\"so-panel widget widget_sow-editor panel-first-child panel-last-child\" data-index=\"0\" ><div class=\"orion custom default panel-widget-style panel-widget-style-for-3065-0-0-0\" ><div\n\t\t\t\n\t\t\tclass=\"so-widget-sow-editor so-widget-sow-editor-base\"\n\t\t\t\n\t\t>\n<div class=\"siteorigin-widget-tinymce textwidget\">\n\t<p class=\"lead\"><strong>Come \u00e8 noto, la maggior parte delle malattie di denti e gengive pu\u00f2 essere prevenuta eliminando la placca batterica con l\u2019igiene orale quotidiana. A questo scopo, lavarsi i denti dopo ogni pasto \u00e8 necessario ed \u00e8 altrettanto indispensabile farlo nel modo giusto, utilizzando corrette tecniche di spazzolamento che possono essere insegnate dal dentista, e completando la pulizia con il filo interdentale.<\/strong><\/p>\n<p class=\"lead\">L\u2019igiene orale accurata, pur fondamentale, non \u00e8 per\u00f2 sufficiente per proteggere lo smalto: \u00e8 necessario, pertanto, programmare periodicamente una pulizia professionale dal dentista, che permetter\u00e0 di rimuovere pi\u00f9 efficacemente placca batterica e tartaro.<\/p>\n<\/div>\n<\/div><\/div><\/div><\/div><\/div><div id=\"pgc-3065-0-1\"  class=\"panel-grid-cell\" ><div class=\"custom panel-cell-style panel-cell-style-for-3065-0-1\" ><div id=\"panel-3065-0-1-0\" class=\"so-panel widget widget_orion_image_w panel-first-child panel-last-child\" data-index=\"1\" ><div class=\"orion custom mobile-text-center tablets-text-center default panel-widget-style panel-widget-style-for-3065-0-1-0\" ><div\n\t\t\t\n\t\t\tclass=\"so-widget-orion_image_w so-widget-orion_image_w-base\"\n\t\t\t\n\t\t>\r\n<div class=\"image-w relative rounded\">\r\n\r\n\t\t\t\t\t\t\t<div class=\"orion_circle image-wrap rounded overlay-none overlay-hover-none\">\r\n\t\t\r\n\t\t\t\t<div class=\"circle-wrap\">\r\n\t\t\t\t\t<img loading=\"lazy\" decoding=\"async\" width=\"420\" height=\"420\" src=\"https:\/\/centrodentisticobessarione.it\/wp-content\/uploads\/2022\/01\/Igiene-e-Prevenzione.jpg\" class=\"attachment-orion_square size-orion_square\" alt=\"\" \/>\t\t\t<div class=\"overlay\"><\/div>\r\n\t\t\t\t<\/div>\r\n\t\t\r\n\t\t\t\t\t<\/div>\r\n\t\t\t\r\n\t\r\n\t<div class=\"absolute\">\r\n\t\t<div class=\"hover-desc table-wrap\">\r\n\t\t\t<div class=\"cell-wrap\">\r\n\t\t\t\t<h4 class=\"text-dark\"><\/h4>\r\n\t\t\t<\/div>\r\n\t\t<\/div>\r\n\t<\/div>\t\t\t\t\t\r\n<\/div>\r\n\r\n<\/div><\/div><\/div><\/div><\/div><\/div><\/div><div id=\"pg-3065-1\"  class=\"panel-grid panel-has-style\" ><div class=\"divider-no-animation tablet-default mobile-default desktop-default custom panel-row-style panel-row-style-for-3065-1\" ><div id=\"pgc-3065-1-0\"  class=\"panel-grid-cell panel-grid-cell-mobile-last\" ><div id=\"panel-3065-1-0-0\" class=\"so-panel widget widget_sow-editor panel-first-child panel-last-child\" data-index=\"2\" ><div class=\"orion custom default panel-widget-style panel-widget-style-for-3065-1-0-0\" ><div\n\t\t\t\n\t\t\tclass=\"so-widget-sow-editor so-widget-sow-editor-base\"\n\t\t\t\n\t\t>\n<div class=\"siteorigin-widget-tinymce textwidget\">\n\t<div>\n<p><span lang=\"IT\">L'igiene orale e la TPS, ovvero Terapia Parodontale di Supporto, sono un aiuto fondamentale per la salute<span class=\"apple-converted-space\">\u00a0<\/span>della nostra bocca e della nostra persona in generale.<\/span><\/p>\n<\/div>\n<div>\n<p><span lang=\"IT\">La promozione della salute<span class=\"apple-converted-space\">\u00a0<\/span>orale \u00e8 incentrata sulla prevenzione primaria, che agisce sulla placca batterica e sui fattori di rischio (fumo, diabete, scarsa igiene orale, etc.) che possono aumentare la probabilit\u00e0 d\u2019insorgenza della malattia.<\/span><\/p>\n<\/div>\n<div>\n<p><span lang=\"IT\">In quest\u2019ottica il reparto di prevenzione dedica attenzione agli stili di vita (igiene orale, dieta equilibrata, attivit\u00e0 fisica, fumo) il cui controllo riduce il rischio d\u2019insorgenza di malattie croniche sistematiche (diabete, malattie cardiovascolari, patologie polmonari) da anni correlate alla malattia parodontale.<\/span><\/p>\n<p>L'attivit\u00e0 di prevenzione \u00e8 svolta da dei professionisti dedicati che seguono il paziente nel tempo e collaborano con lui per \u201cprevenire anzich\u00e9 curare\u201d.<\/p>\n<\/div>\n<\/div>\n<\/div><\/div><\/div><\/div><div id=\"pgc-3065-1-1\"  class=\"panel-grid-cell panel-grid-cell-empty\" ><\/div><\/div><\/div><\/div>","protected":false},"excerpt":{"rendered":"<p>Dental implants are a common procedure of permanently replacing missing teeth without affecting neighboring teeth. <\/p>\n","protected":false},"author":1,"featured_media":0,"parent":968,"menu_order":0,"comment_status":"closed","ping_status":"closed","template":"","meta":{"om_disable_all_campaigns":false,"_monsterinsights_skip_tracking":false,"_monsterinsights_sitenote_active":false,"_monsterinsights_sitenote_note":"","_monsterinsights_sitenote_category":0,"footnotes":""},"class_list":["post-3065","page","type-page","status-publish","hentry"],"aioseo_notices":[],"_links":{"self":[{"href":"https:\/\/centrodentisticobessarione.it\/index.php\/wp-json\/wp\/v2\/pages\/3065","targetHints":{"allow":["GET"]}}],"collection":[{"href":"https:\/\/centrodentisticobessarione.it\/index.php\/wp-json\/wp\/v2\/pages"}],"about":[{"href":"https:\/\/centrodentisticobessarione.it\/index.php\/wp-json\/wp\/v2\/types\/page"}],"author":[{"embeddable":true,"href":"https:\/\/centrodentisticobessarione.it\/index.php\/wp-json\/wp\/v2\/users\/1"}],"replies":[{"embeddable":true,"href":"https:\/\/centrodentisticobessarione.it\/index.php\/wp-json\/wp\/v2\/comments?post=3065"}],"version-history":[{"count":4,"href":"https:\/\/centrodentisticobessarione.it\/index.php\/wp-json\/wp\/v2\/pages\/3065\/revisions"}],"predecessor-version":[{"id":3070,"href":"https:\/\/centrodentisticobessarione.it\/index.php\/wp-json\/wp\/v2\/pages\/3065\/revisions\/3070"}],"up":[{"embeddable":true,"href":"https:\/\/centrodentisticobessarione.it\/index.php\/wp-json\/wp\/v2\/pages\/968"}],"wp:attachment":[{"href":"https:\/\/centrodentisticobessarione.it\/index.php\/wp-json\/wp\/v2\/media?parent=3065"}],"curies":[{"name":"wp","href":"https:\/\/api.w.org\/{rel}","templated":true}]}}